{"id":689,"date":"2020-02-17T14:35:30","date_gmt":"2020-02-17T13:35:30","guid":{"rendered":"https:\/\/www.domainedegarat.fr\/politique-de-confidentialite\/"},"modified":"2020-02-17T14:38:01","modified_gmt":"2020-02-17T13:38:01","slug":"privacy-policy","status":"publish","type":"page","link":"https:\/\/www.domainedegarat.fr\/en\/privacy-policy\/","title":{"rendered":"Privacy policy"},"content":{"rendered":"&#13;\n<h2 class=\"wp-block-heading\">Qui sommes-nous\u00a0?<\/h2>&#13;\n&#13;\n<p>L\u2019adresse de notre site Web est : http:\/\/www.domainedegarat.fr.<\/p>&#13;\n&#13;\n<h2 class=\"wp-block-heading\">Utilisation des donn\u00e9es personnelles collect\u00e9es<\/h2>&#13;\n<h3>R\u00e9servation en ligne<\/h3>&#13;\n<p>Le Domaine de Garat s\u2019engage \u00e0 respecter les dispositions pr\u00e9vues par les lois<\/p>&#13;\n<ul><li>Loi n\u00b0 78-87 du 6 janvier 1978, notamment modifi\u00e9e par la loi n\u00b0 2004-801 du 6 ao\u00fbt 2004 relative \u00e0 l\u2019informatique, aux fichiers et aux libert\u00e9s.<\/li>&#13;\n<li>Loi n\u00b0 2004-575 du 21 juin 2004 pour la confiance dans l\u2019\u00e9conomie num\u00e9rique.<\/li>&#13;\n<li>R\u00e8glement G\u00e9n\u00e9ral sur la Protection des Donn\u00e9es (RGPD) : R\u00e8glement europ\u00e9en n\u00b02016\/679\/UE du 27 avril 2016, applicable au 25 mai 2018.<\/li>&#13;\n<\/ul><p>Et assure, par l\u2019interm\u00e9diaire de son partenaire Motopress ( fournisseur du module de r\u00e9servation ) des mesures optimales de s\u00e9curit\u00e9 contre la perte, le mauvais usage et l\u2019alt\u00e9ration des informations qui lui sont confi\u00e9es par les internautes.<\/p>&#13;\n&#13;\n<h3 class=\"wp-block-heading\">Commentaires<\/h3>&#13;\n&#13;\n<p>Quand vous laissez un commentaire sur notre site web, les donn\u00e9es inscrites dans le formulaire de commentaire, mais aussi votre adresse IP et l\u2019agent utilisateur de votre navigateur sont collect\u00e9s pour nous aider \u00e0 la d\u00e9tection des commentaires ind\u00e9sirables.<\/p>&#13;\n&#13;\n<p>Une cha\u00eene anonymis\u00e9e cr\u00e9\u00e9e \u00e0 partir de votre adresse de messagerie (\u00e9galement appel\u00e9e hash) peut \u00eatre envoy\u00e9e au service Gravatar pour v\u00e9rifier si vous utilisez ce dernier. Les clauses de confidentialit\u00e9 du service Gravatar sont disponibles ici\u00a0: https:\/\/automattic.com\/privacy\/. Apr\u00e8s validation de votre commentaire, votre photo de profil sera visible publiquement \u00e0 cot\u00e9 de votre commentaire.<\/p>&#13;\n&#13;\n<h3 class=\"wp-block-heading\">M\u00e9dias<\/h3>&#13;\n&#13;\n<p>Si vous \u00eates un utilisateur ou une utilisatrice enregistr\u00e9\u00b7e et que vous t\u00e9l\u00e9versez des images sur le site web, nous vous conseillons d\u2019\u00e9viter de t\u00e9l\u00e9verser des images contenant des donn\u00e9es EXIF de coordonn\u00e9es GPS. Les visiteurs de votre site web peuvent t\u00e9l\u00e9charger et extraire des donn\u00e9es de localisation depuis ces images.<\/p>&#13;\n&#13;\n<h3 class=\"wp-block-heading\">Formulaires de contact<\/h3>&#13;\n<p>Les informations obligatoires recueillies lors de l\u2019utilisation du formulaire de contact sont :<\/p>&#13;\n<ul><li>Nom<\/li>&#13;\n<li>Pr\u00e9nom<\/li>&#13;\n<li>Adresse postale<\/li>&#13;\n<li>Adresse mail<\/li>&#13;\n<li>T\u00e9l\u00e9phone<\/li>&#13;\n<\/ul>&#13;\n<h3 class=\"wp-block-heading\">Cookies<\/h3>&#13;\n&#13;\n<p>Consultez notre politique de confidentialit\u00e9 li\u00e9e aux cookies : https:\/\/www.domainedegarat.fr\/cookie-policy-eu\/<\/p>&#13;\n&#13;\n<h3 class=\"wp-block-heading\">Contenu embarqu\u00e9 depuis d\u2019autres sites<\/h3>&#13;\n&#13;\n<p>Les articles de ce site peuvent inclure des contenus int\u00e9gr\u00e9s (par exemple des vid\u00e9os Youtube, images, articles\u2026). Le contenu int\u00e9gr\u00e9 depuis d\u2019autres sites se comporte de la m\u00eame mani\u00e8re que si le visiteur se rendait sur cet autre site.<\/p>&#13;\n&#13;\n<p>Ces sites web pourraient collecter des donn\u00e9es sur vous, utiliser des cookies, embarquer des outils de suivis tiers, suivre vos interactions avec ces contenus embarqu\u00e9s si vous disposez d\u2019un compte connect\u00e9 sur leur site web.<\/p>&#13;\n&#13;\n<h3 class=\"wp-block-heading\">Statistiques et mesures d\u2019audience<\/h3>&#13;\n&#13;\n<h2 class=\"wp-block-heading\">Utilisation et transmission de vos donn\u00e9es personnelles<\/h2>&#13;\n&#13;\n<h2 class=\"wp-block-heading\">Dur\u00e9es de stockage de vos donn\u00e9es<\/h2>&#13;\n&#13;\n<p>Si vous laissez un commentaire, le commentaire et ses m\u00e9tadonn\u00e9es sont conserv\u00e9s ind\u00e9finiment. Cela permet de reconna\u00eetre et approuver automatiquement les commentaires suivants au lieu de les laisser dans la file de mod\u00e9ration.<\/p>&#13;\n&#13;\n<p>Pour les utilisateurs et utilisatrices qui s\u2019enregistrent sur notre site (si cela est possible), nous stockons \u00e9galement les donn\u00e9es personnelles indiqu\u00e9es dans leur profil. Tous les utilisateurs et utilisatrices peuvent voir, modifier ou supprimer leurs informations personnelles \u00e0 tout moment (\u00e0 l\u2019exception de leur nom d\u2019utilisateur\u00b7ice). Les gestionnaires du site peuvent aussi voir et modifier ces informations.<\/p>&#13;\n&#13;\n<h2 class=\"wp-block-heading\">Les droits que vous avez sur vos donn\u00e9es<\/h2>&#13;\n&#13;\n<p>Si vous avez un compte ou si vous avez laiss\u00e9 des commentaires sur le site, vous pouvez demander \u00e0 recevoir un fichier contenant toutes les donn\u00e9es personnelles que nous poss\u00e9dons \u00e0 votre sujet, incluant celles que vous nous avez fournies. Vous pouvez \u00e9galement demander la suppression des donn\u00e9es personnelles vous concernant. Cela ne prend pas en compte les donn\u00e9es stock\u00e9es \u00e0 des fins administratives, l\u00e9gales ou pour des raisons de s\u00e9curit\u00e9.<\/p>&#13;\n&#13;\n<h2 class=\"wp-block-heading\">Transmission de vos donn\u00e9es personnelles<\/h2>&#13;\n&#13;\n<p>Les commentaires des visiteurs sont v\u00e9rifi\u00e9s \u00e0 l\u2019aide du service automatis\u00e9 de d\u00e9tection des commentaires ind\u00e9sirables Akismet.&#13;\nNous r\u00e9coltons des informations sur les visiteurs qui commentent sur les sites utilisant Akismet, notre service contre les ind\u00e9sirables. Ces informations r\u00e9colt\u00e9es d\u00e9pendent des r\u00e9glages Akismet effectu\u00e9s par l\u2019utilisateur sur le site, et incluent g\u00e9n\u00e9ralement l\u2019adresse IP des commentateurs, l\u2019agent utilisateur, le r\u00e9f\u00e9rent et l\u2019URL du site (ainsi que d\u2019autres informations fournies directement par le commentateur comme leur nom, identifiant, adresse e-mail et leur commentaire).<\/p>&#13;\n&#13;\n<h2 class=\"wp-block-heading\">Informations de contact<\/h2>&#13;\n<p>Les internautes disposent \u00e0 tout moment d\u2019un droit d\u2019acc\u00e8s, de modification, de rectification et de suppression des donn\u00e9es qui les concernent en \u00e9crivant \u00e0 : contact@domainedegarat.com<\/p>&#13;\n<p>Vous pouvez nous contacter via l\u2019adresse e-mail ci-dessus pour r\u00e9cup\u00e9rer ou supprimer vos donn\u00e9es personnelles qui sont stock\u00e9es sur ce site. Veuillez nous indiquer l\u2019adresse e-mail que vous avez utilis\u00e9 sur ce site pour que nous puissions identifier les donn\u00e9es correspondantes.<\/p>&#13;\n&#13;\n<h2 class=\"wp-block-heading\">Informations suppl\u00e9mentaires<\/h2>&#13;\n&#13;\n<h3 class=\"wp-block-heading\">Comment nous prot\u00e9geons vos donn\u00e9es<\/h3>&#13;\n<p>Vos donn\u00e9es personnelles, qui sont susceptibles de transiter par ce site, utilisent le protocole de chiffrement HTTPS et sont h\u00e9berg\u00e9es chez OVH.<\/p>&#13;\n&#13;\n<h3 class=\"wp-block-heading\">\u00a0<\/h3>&#13;\n","protected":false},"excerpt":{"rendered":"<p>&#13; Qui sommes-nous\u00a0? &#13; &#13; L\u2019adresse de notre site Web est : http:\/\/www.domainedegarat.fr. &#13; &#13; Utilisation des donn\u00e9es personnelles collect\u00e9es &#13; R\u00e9servation en ligne &#13; Le Domaine de Garat s\u2019engage \u00e0 respecter les dispositions pr\u00e9vues par les lois &#13; Loi n\u00b0 78-87 du 6 janvier 1978, notamment modifi\u00e9e par la loi n\u00b0 2004-801 du 6 [&hellip;]<\/p>\n","protected":false},"author":1,"featured_media":0,"parent":0,"menu_order":50,"comment_status":"closed","ping_status":"closed","template":"","meta":{"footnotes":""},"class_list":["post-689","page","type-page","status-publish","hentry"],"acf":[],"yoast_head":"<!-- This site is optimized with the Yoast SEO plugin v27.2 - https:\/\/yoast.com\/product\/yoast-seo-wordpress\/ -->\n<title>Privacy policy - Domaine de Garat<\/title>\n<meta name=\"robots\" content=\"index, follow, max-snippet:-1, max-image-preview:large, max-video-preview:-1\" \/>\n<link rel=\"canonical\" href=\"https:\/\/www.domainedegarat.fr\/en\/privacy-policy\/\" \/>\n<meta property=\"og:locale\" content=\"en_US\" \/>\n<meta property=\"og:type\" content=\"article\" \/>\n<meta property=\"og:title\" content=\"Privacy policy - Domaine de Garat\" \/>\n<meta property=\"og:description\" content=\"&#013; Qui sommes-nous\u00a0? &#013; &#013; L\u2019adresse de notre site Web est : http:\/\/www.domainedegarat.fr. &#013; &#013; Utilisation des donn\u00e9es personnelles collect\u00e9es &#013; R\u00e9servation en ligne &#013; Le Domaine de Garat s\u2019engage \u00e0 respecter les dispositions pr\u00e9vues par les lois &#013; Loi n\u00b0 78-87 du 6 janvier 1978, notamment modifi\u00e9e par la loi n\u00b0 2004-801 du 6 [&hellip;]\" \/>\n<meta property=\"og:url\" content=\"https:\/\/www.domainedegarat.fr\/en\/privacy-policy\/\" \/>\n<meta property=\"og:site_name\" content=\"Domaine de Garat\" \/>\n<meta property=\"article:publisher\" content=\"https:\/\/www.facebook.com\/voschambresdhotesbordeaux\/\" \/>\n<meta property=\"article:modified_time\" content=\"2020-02-17T13:38:01+00:00\" \/>\n<meta name=\"twitter:card\" content=\"summary_large_image\" \/>\n<meta name=\"twitter:label1\" content=\"Est. reading time\" \/>\n\t<meta name=\"twitter:data1\" content=\"4 minutes\" \/>\n<script type=\"application\/ld+json\" class=\"yoast-schema-graph\">{\"@context\":\"https:\/\/schema.org\",\"@graph\":[{\"@type\":\"WebPage\",\"@id\":\"https:\/\/www.domainedegarat.fr\/en\/privacy-policy\/\",\"url\":\"https:\/\/www.domainedegarat.fr\/en\/privacy-policy\/\",\"name\":\"Privacy policy - Domaine de Garat\",\"isPartOf\":{\"@id\":\"https:\/\/www.domainedegarat.fr\/en\/#website\"},\"datePublished\":\"2020-02-17T13:35:30+00:00\",\"dateModified\":\"2020-02-17T13:38:01+00:00\",\"breadcrumb\":{\"@id\":\"https:\/\/www.domainedegarat.fr\/en\/privacy-policy\/#breadcrumb\"},\"inLanguage\":\"en-US\",\"potentialAction\":[{\"@type\":\"ReadAction\",\"target\":[\"https:\/\/www.domainedegarat.fr\/en\/privacy-policy\/\"]}]},{\"@type\":\"BreadcrumbList\",\"@id\":\"https:\/\/www.domainedegarat.fr\/en\/privacy-policy\/#breadcrumb\",\"itemListElement\":[{\"@type\":\"ListItem\",\"position\":1,\"name\":\"Accueil\",\"item\":\"https:\/\/www.domainedegarat.fr\/en\/\"},{\"@type\":\"ListItem\",\"position\":2,\"name\":\"Privacy policy\"}]},{\"@type\":\"WebSite\",\"@id\":\"https:\/\/www.domainedegarat.fr\/en\/#website\",\"url\":\"https:\/\/www.domainedegarat.fr\/en\/\",\"name\":\"Domaine de Garat\",\"description\":\"Chambre d&#039;h\u00f4tes de charme - Guest House\",\"publisher\":{\"@id\":\"https:\/\/www.domainedegarat.fr\/en\/#organization\"},\"potentialAction\":[{\"@type\":\"SearchAction\",\"target\":{\"@type\":\"EntryPoint\",\"urlTemplate\":\"https:\/\/www.domainedegarat.fr\/en\/?s={search_term_string}\"},\"query-input\":{\"@type\":\"PropertyValueSpecification\",\"valueRequired\":true,\"valueName\":\"search_term_string\"}}],\"inLanguage\":\"en-US\"},{\"@type\":\"Organization\",\"@id\":\"https:\/\/www.domainedegarat.fr\/en\/#organization\",\"name\":\"Domaine de Garat\",\"url\":\"https:\/\/www.domainedegarat.fr\/en\/\",\"logo\":{\"@type\":\"ImageObject\",\"inLanguage\":\"en-US\",\"@id\":\"https:\/\/www.domainedegarat.fr\/en\/#\/schema\/logo\/image\/\",\"url\":\"\",\"contentUrl\":\"\",\"caption\":\"Domaine de Garat\"},\"image\":{\"@id\":\"https:\/\/www.domainedegarat.fr\/en\/#\/schema\/logo\/image\/\"},\"sameAs\":[\"https:\/\/www.facebook.com\/voschambresdhotesbordeaux\/\",\"https:\/\/www.instagram.com\/domainedegarat\/\"]}]}<\/script>\n<!-- \/ Yoast SEO plugin. -->","yoast_head_json":{"title":"Privacy policy - Domaine de Garat","robots":{"index":"index","follow":"follow","max-snippet":"max-snippet:-1","max-image-preview":"max-image-preview:large","max-video-preview":"max-video-preview:-1"},"canonical":"https:\/\/www.domainedegarat.fr\/en\/privacy-policy\/","og_locale":"en_US","og_type":"article","og_title":"Privacy policy - Domaine de Garat","og_description":"&#13; Qui sommes-nous\u00a0? &#13; &#13; L\u2019adresse de notre site Web est : http:\/\/www.domainedegarat.fr. &#13; &#13; Utilisation des donn\u00e9es personnelles collect\u00e9es &#13; R\u00e9servation en ligne &#13; Le Domaine de Garat s\u2019engage \u00e0 respecter les dispositions pr\u00e9vues par les lois &#13; Loi n\u00b0 78-87 du 6 janvier 1978, notamment modifi\u00e9e par la loi n\u00b0 2004-801 du 6 [&hellip;]","og_url":"https:\/\/www.domainedegarat.fr\/en\/privacy-policy\/","og_site_name":"Domaine de Garat","article_publisher":"https:\/\/www.facebook.com\/voschambresdhotesbordeaux\/","article_modified_time":"2020-02-17T13:38:01+00:00","twitter_card":"summary_large_image","twitter_misc":{"Est. reading time":"4 minutes"},"schema":{"@context":"https:\/\/schema.org","@graph":[{"@type":"WebPage","@id":"https:\/\/www.domainedegarat.fr\/en\/privacy-policy\/","url":"https:\/\/www.domainedegarat.fr\/en\/privacy-policy\/","name":"Privacy policy - Domaine de Garat","isPartOf":{"@id":"https:\/\/www.domainedegarat.fr\/en\/#website"},"datePublished":"2020-02-17T13:35:30+00:00","dateModified":"2020-02-17T13:38:01+00:00","breadcrumb":{"@id":"https:\/\/www.domainedegarat.fr\/en\/privacy-policy\/#breadcrumb"},"inLanguage":"en-US","potentialAction":[{"@type":"ReadAction","target":["https:\/\/www.domainedegarat.fr\/en\/privacy-policy\/"]}]},{"@type":"BreadcrumbList","@id":"https:\/\/www.domainedegarat.fr\/en\/privacy-policy\/#breadcrumb","itemListElement":[{"@type":"ListItem","position":1,"name":"Accueil","item":"https:\/\/www.domainedegarat.fr\/en\/"},{"@type":"ListItem","position":2,"name":"Privacy policy"}]},{"@type":"WebSite","@id":"https:\/\/www.domainedegarat.fr\/en\/#website","url":"https:\/\/www.domainedegarat.fr\/en\/","name":"Domaine de Garat","description":"Chambre d&#039;h\u00f4tes de charme - Guest House","publisher":{"@id":"https:\/\/www.domainedegarat.fr\/en\/#organization"},"potentialAction":[{"@type":"SearchAction","target":{"@type":"EntryPoint","urlTemplate":"https:\/\/www.domainedegarat.fr\/en\/?s={search_term_string}"},"query-input":{"@type":"PropertyValueSpecification","valueRequired":true,"valueName":"search_term_string"}}],"inLanguage":"en-US"},{"@type":"Organization","@id":"https:\/\/www.domainedegarat.fr\/en\/#organization","name":"Domaine de Garat","url":"https:\/\/www.domainedegarat.fr\/en\/","logo":{"@type":"ImageObject","inLanguage":"en-US","@id":"https:\/\/www.domainedegarat.fr\/en\/#\/schema\/logo\/image\/","url":"","contentUrl":"","caption":"Domaine de Garat"},"image":{"@id":"https:\/\/www.domainedegarat.fr\/en\/#\/schema\/logo\/image\/"},"sameAs":["https:\/\/www.facebook.com\/voschambresdhotesbordeaux\/","https:\/\/www.instagram.com\/domainedegarat\/"]}]}},"_links":{"self":[{"href":"https:\/\/www.domainedegarat.fr\/en\/wp-json\/wp\/v2\/pages\/689","targetHints":{"allow":["GET"]}}],"collection":[{"href":"https:\/\/www.domainedegarat.fr\/en\/wp-json\/wp\/v2\/pages"}],"about":[{"href":"https:\/\/www.domainedegarat.fr\/en\/wp-json\/wp\/v2\/types\/page"}],"author":[{"embeddable":true,"href":"https:\/\/www.domainedegarat.fr\/en\/wp-json\/wp\/v2\/users\/1"}],"replies":[{"embeddable":true,"href":"https:\/\/www.domainedegarat.fr\/en\/wp-json\/wp\/v2\/comments?post=689"}],"version-history":[{"count":4,"href":"https:\/\/www.domainedegarat.fr\/en\/wp-json\/wp\/v2\/pages\/689\/revisions"}],"predecessor-version":[{"id":699,"href":"https:\/\/www.domainedegarat.fr\/en\/wp-json\/wp\/v2\/pages\/689\/revisions\/699"}],"wp:attachment":[{"href":"https:\/\/www.domainedegarat.fr\/en\/wp-json\/wp\/v2\/media?parent=689"}],"curies":[{"name":"wp","href":"https:\/\/api.w.org\/{rel}","templated":true}]}}